{"id":13596,"date":"2022-05-12T07:13:31","date_gmt":"2024-06-27T14:37:36","guid":{"rendered":"https:\/\/studio-528.com\/?page_id=13596"},"modified":"2026-03-19T12:56:52","modified_gmt":"2026-03-19T11:56:52","slug":"kontakt","status":"publish","type":"page","link":"https:\/\/studio-528.com\/sl\/kontakt\/","title":{"rendered":"Kontakt"},"content":{"rendered":"<div data-elementor-type=\"wp-page\" data-elementor-id=\"13596\" class=\"elementor elementor-13596\">\n\t\t\t\t\t\t\t\t\t<section class=\"elementor-section elementor-top-section elementor-element elementor-element-65b0e0b elementor-section-boxed elementor-section-height-default elementor-section-height-default qodef-elementor-content-no\" data-id=\"65b0e0b\" data-element_type=\"section\">\n\t\t\t\t\t\t<div class=\"elementor-container elementor-column-gap-default\">\n\t\t\t\t\t<div class=\"elementor-column elementor-col-100 elementor-top-column elementor-element elementor-element-9b3577c\" data-id=\"9b3577c\" data-element_type=\"column\">\n\t\t\t<div class=\"elementor-widget-wrap elementor-element-populated\">\n\t\t\t\t\t\t\t\t<div class=\"elementor-element elementor-element-aa1d596 elementor-widget elementor-widget-ametrine_core_background_svg\" data-id=\"aa1d596\" data-element_type=\"widget\" data-widget_type=\"ametrine_core_background_svg.default\">\n\t\t\t\t<div class=\"elementor-widget-container\">\n\t\t\t<div class=\"qodef-shortcode qodef-m  qodef-background-svg qodef-layout--default   qodef--animated qodef-animation--path-1 qodef--predefined\" >\n\t<div class=\"qodef-e qodef-m-svg qodef-background-svg-600\" style=\"width: 100%;fill: #FF81484D;top: -350px;left: 250px;--qodef--gradient-color-stop-1: #FF81484D;--qodef--gradient-color-stop-2: #FF81484D\" >\n\t\t<svg class=\"qodef-svg--gradient-radial\" xmlns=\"http:\/\/www.w3.org\/2000\/svg\" width=\"200\" height=\"200\" viewbox=\"0 0 200 200\"><defs><radialgradient id=\"qodef--gradient-fill-1\" cx=\"0.5\" cy=\"0.5\" r=\"0.5\" gradienttransform=\"matrix(-1, 0, 0, 1, 1, 0)\" gradientunits=\"objectBoundingBox\"><stop offset=\"0\" class=\"qodef--gradient-stop-1\"><\/stop><stop offset=\"1\" class=\"qodef--gradient-stop-2\"><\/stop><\/radialgradient><\/defs><g class=\"qodef-svg--motion-path\"><path id=\"qodef--motion-path-1\" d=\"M2.8 66.15C2.8 66.15 7.9884 54.3621 16.7748 47.6913 25.1748 41.3126 35.2016 40.6378 38.444 40.6378 47.9276 40.6378 54.558 43.9576 60.018 48.7091 66.4832 54.3366 71.3104 61.974 77.2968 68.4889 84.042 75.8287 92.26 81.7425 105.9604 81.7425 112.1848 81.7425 117.04 80.892 121.5956 79.6361 129.4272 77.2405 133.9744 73.1496 136.934 69.2316 140.952 63.916 141.96 61.047 141.96 59.346\" fill=\"transparent\"\/><path id=\"qodef--motion-path-1-2\" d=\"M2 43C37 41 25.207 34.3621 19.9351 27.6913 14.8951 21.3126 8.879 20.6378 6.9336 20.6378 1.2434 20.6378-2.7348 23.9576-6.0108 28.7091-9.8899 34.3366-12.7862 41.974-16.3781 48.4889-20.4252 55.8287-25.356 61.7425-33.5762 61.7425-37.3109 61.7425-40.224 60.892-42.9574 59.6361-47.6563 57.2405-50.3846 53.1496-34 41-30 40-27 37 2 43\" fill=\"transparent\"\/><\/g><g class=\"qodef-svg--ellipse\" fill=\"url(#qodef--gradient-fill-1)\"><ellipse cx=\"100\" cy=\"100\" rx=\"100\" ry=\"90\"><\/ellipse><\/g><\/svg>\t<\/div>\n<\/div>\n\t\t<\/div>\n\t\t\t\t<\/div>\n\t\t\t\t<div class=\"elementor-element elementor-element-802e643 elementor-widget elementor-widget-qi_addons_for_elementor_section_title\" data-id=\"802e643\" data-element_type=\"widget\" data-widget_type=\"qi_addons_for_elementor_section_title.default\">\n\t\t\t\t<div class=\"elementor-widget-container\">\n\t\t\t<div class=\"qodef-shortcode qodef-m method-title qodef-qi-section-title qodef-decoration--italic qodef-link--underline-draw qodef-subtitle-icon--left\">\n\t\t\t\t\t\t<h3 class=\"qodef-m-title\">\n\t\tKontakt\t<\/h3>\n\t\t\t<\/div>\n\t\t<\/div>\n\t\t\t\t<\/div>\n\t\t\t\t\t<\/div>\n\t\t<\/div>\n\t\t\t\t\t\t\t<\/div>\n\t\t<\/section>\n\t\t\t\t<section class=\"elementor-section elementor-top-section elementor-element elementor-element-9b19207 elementor-section-boxed elementor-section-height-default elementor-section-height-default qodef-elementor-content-no\" data-id=\"9b19207\" data-element_type=\"section\">\n\t\t\t\t\t\t<div class=\"elementor-container elementor-column-gap-default\">\n\t\t\t\t\t<div class=\"elementor-column elementor-col-50 elementor-top-column elementor-element elementor-element-75e17a0\" data-id=\"75e17a0\" data-element_type=\"column\">\n\t\t\t<div class=\"elementor-widget-wrap elementor-element-populated\">\n\t\t\t\t\t\t\t\t<div class=\"elementor-element elementor-element-535b6be1 elementor-widget elementor-widget-qi_addons_for_elementor_section_title\" data-id=\"535b6be1\" data-element_type=\"widget\" data-widget_type=\"qi_addons_for_elementor_section_title.default\">\n\t\t\t\t<div class=\"elementor-widget-container\">\n\t\t\t<div class=\"qodef-shortcode qodef-m qodef-qi-section-title qodef-decoration--italic qodef-link--underline-draw qodef-subtitle-icon--left\">\n\t\t\t\t\t\t<h4 class=\"qodef-m-title\">\n\t\tImate vpra\u0161anje ali \u017eelite rezervirati termin?\t<\/h4>\n\t\t\t<div class=\"qodef-m-text\"><p><a href=\"mailto:hello@studio-528.com\">hello@studio-528.com<\/a><\/p><p>040 359 345<\/p><p>Povezava do <span style=\"text-decoration: underline\"><a href=\"https:\/\/wa.me\/38640359345\" target=\"_blank\" rel=\"noopener\">Whatsapp-a.<\/a><\/span><\/p><p><span style=\"text-decoration: underline\">OBVESTILO<\/span>: Med 20. in 30. 3. sem (za vpra\u0161anja in rezervacijo terminov) dosegljiva izklju\u010dno preko e-maila.<\/p><p><!-- notionvc: d74c5406-63d2-4d33-b493-c50f1b0e4479 --><\/p><\/div>\n\t<\/div>\n\t\t<\/div>\n\t\t\t\t<\/div>\n\t\t\t\t<div class=\"elementor-element elementor-element-8d82ece elementor-widget elementor-widget-qi_addons_for_elementor_section_title\" data-id=\"8d82ece\" data-element_type=\"widget\" data-widget_type=\"qi_addons_for_elementor_section_title.default\">\n\t\t\t\t<div class=\"elementor-widget-container\">\n\t\t\t<div class=\"qodef-shortcode qodef-m qodef-qi-section-title qodef-decoration--italic qodef-link--underline-draw qodef-subtitle-icon--left\">\n\t\t\t\t\t\t<h4 class=\"qodef-m-title\">\n\t\tStudio najdete tukaj\t<\/h4>\n\t\t\t<div class=\"qodef-m-text\"><p>Tyr\u0161eva ulica 15, Maribor, Slovenija.<\/p><\/div>\n\t<\/div>\n\t\t<\/div>\n\t\t\t\t<\/div>\n\t\t\t\t\t<\/div>\n\t\t<\/div>\n\t\t\t\t<div class=\"elementor-column elementor-col-50 elementor-top-column elementor-element elementor-element-118803d\" data-id=\"118803d\" data-element_type=\"column\">\n\t\t\t<div class=\"elementor-widget-wrap elementor-element-populated\">\n\t\t\t\t\t\t\t\t<div class=\"elementor-element elementor-element-933d13c elementor-widget elementor-widget-html\" data-id=\"933d13c\" data-element_type=\"widget\" data-widget_type=\"html.default\">\n\t\t\t\t<div class=\"elementor-widget-container\">\n\t\t\t<iframe loading=\"lazy\" src=\"https:\/\/snazzymaps.com\/embed\/629623\" width=\"100%\" height=\"600px\" style=\"border:none;\"><\/iframe>\t\t<\/div>\n\t\t\t\t<\/div>\n\t\t\t\t\t<\/div>\n\t\t<\/div>\n\t\t\t\t\t\t\t<\/div>\n\t\t<\/section>\n\t\t\t\t\t\t\t<\/div>","protected":false},"excerpt":{"rendered":"<p>Kontakt Imate vpra\u0161anje ali \u017eelite rezervirati termin? hello@studio-528.com 040 359 345 Povezava do Whatsapp-a. OBVESTILO: Med 20. in 30. 3. sem (za vpra\u0161anja in rezervacijo terminov) dosegljiva izklju\u010dno preko e-maila. Studio najdete tukaj Tyr\u0161eva ulica 15, Maribor, Slovenija.<\/p>","protected":false},"author":1,"featured_media":0,"parent":0,"menu_order":6,"comment_status":"closed","ping_status":"closed","template":"page-full-width.php","meta":{"_acf_changed":false,"om_disable_all_campaigns":false,"_mi_skip_tracking":false,"footnotes":""},"class_list":["post-13596","page","type-page","status-publish","hentry"],"acf":[],"aioseo_notices":[],"_links":{"self":[{"href":"https:\/\/studio-528.com\/sl\/wp-json\/wp\/v2\/pages\/13596","targetHints":{"allow":["GET"]}}],"collection":[{"href":"https:\/\/studio-528.com\/sl\/wp-json\/wp\/v2\/pages"}],"about":[{"href":"https:\/\/studio-528.com\/sl\/wp-json\/wp\/v2\/types\/page"}],"author":[{"embeddable":true,"href":"https:\/\/studio-528.com\/sl\/wp-json\/wp\/v2\/users\/1"}],"replies":[{"embeddable":true,"href":"https:\/\/studio-528.com\/sl\/wp-json\/wp\/v2\/comments?post=13596"}],"version-history":[{"count":53,"href":"https:\/\/studio-528.com\/sl\/wp-json\/wp\/v2\/pages\/13596\/revisions"}],"predecessor-version":[{"id":14858,"href":"https:\/\/studio-528.com\/sl\/wp-json\/wp\/v2\/pages\/13596\/revisions\/14858"}],"wp:attachment":[{"href":"https:\/\/studio-528.com\/sl\/wp-json\/wp\/v2\/media?parent=13596"}],"curies":[{"name":"wp","href":"https:\/\/api.w.org\/{rel}","templated":true}]}}