{"id":12094,"date":"2022-05-12T07:13:31","date_gmt":"2023-05-04T15:19:38","guid":{"rendered":"https:\/\/studio-528.com\/?page_id=12094"},"modified":"2023-06-09T17:34:38","modified_gmt":"2023-06-09T15:34:38","slug":"thank-you","status":"publish","type":"page","link":"https:\/\/studio-528.com\/sl\/thank-you\/","title":{"rendered":"Thank you"},"content":{"rendered":"<div data-elementor-type=\"wp-page\" data-elementor-id=\"12094\" class=\"elementor elementor-12094\">\n\t\t\t\t\t\t\t\t\t<section class=\"elementor-section elementor-top-section elementor-element elementor-element-d27d3a6 elementor-section-full_width elementor-section-height-default elementor-section-height-default qodef-elementor-content-no\" data-id=\"d27d3a6\" data-element_type=\"section\">\n\t\t\t\t\t\t<div class=\"elementor-container elementor-column-gap-default\">\n\t\t\t\t\t<div class=\"elementor-column elementor-col-50 elementor-top-column elementor-element elementor-element-b85411c\" data-id=\"b85411c\" data-element_type=\"column\">\n\t\t\t<div class=\"elementor-widget-wrap elementor-element-populated\">\n\t\t\t\t\t\t\t\t<section class=\"elementor-section elementor-inner-section elementor-element elementor-element-323976b elementor-section-boxed elementor-section-height-default elementor-section-height-default qodef-elementor-content-no\" data-id=\"323976b\" data-element_type=\"section\">\n\t\t\t\t\t\t<div class=\"elementor-container elementor-column-gap-default\">\n\t\t\t\t\t<div class=\"elementor-column elementor-col-100 elementor-inner-column elementor-element elementor-element-470eb59\" data-id=\"470eb59\" data-element_type=\"column\">\n\t\t\t<div class=\"elementor-widget-wrap elementor-element-populated\">\n\t\t\t\t\t\t\t\t<div class=\"elementor-element elementor-element-1dc4f8d bullet-points elementor-widget elementor-widget-qi_addons_for_elementor_section_title\" data-id=\"1dc4f8d\" data-element_type=\"widget\" data-widget_type=\"qi_addons_for_elementor_section_title.default\">\n\t\t\t\t<div class=\"elementor-widget-container\">\n\t\t\t<div class=\"qodef-shortcode qodef-m qodef-qi-section-title qodef-title-break--disabled qodef-decoration--italic qodef-link--underline-draw qodef-subtitle-icon--left\">\n\t\t\t\t<h5 class=\"qodef-m-subtitle\">\n\t\tThank you. You Should soon be able to find the e-book in your mailbox.\t\t\t<\/h5>\n\t\t\t<h2 class=\"qodef-m-title\">\n\t\tI\u2019m sure it will give you a lot of useful information about burnout.\t<\/h2>\n\t\t\t<div class=\"qodef-m-text\"><p><span style=\"font-weight: 400\">From now on, you are no longer alone on your healing journey. If you wish to be further supported after reading the book, here\u2019s what you can do:<\/span><\/p><ul><li><span style=\"font-weight: 400\">Find FREE information and healthcare tips on my social media.<\/span><\/li><li><span style=\"font-weight: 400\">Read my e-mails with educational content and practical ways of conquering burnout<\/span><span style=\"font-weight: 400\">.<\/span><\/li><li><strong>Apply for my three-month POWER program where I will guide you through your healing process.\u00a0<\/strong><\/li><\/ul><\/div>\n\t<\/div>\n\t\t<\/div>\n\t\t\t\t<\/div>\n\t\t\t\t<div class=\"elementor-element elementor-element-c0d752f elementor-widget elementor-widget-qi_addons_for_elementor_section_title\" data-id=\"c0d752f\" data-element_type=\"widget\" data-widget_type=\"qi_addons_for_elementor_section_title.default\">\n\t\t\t\t<div class=\"elementor-widget-container\">\n\t\t\t<div class=\"qodef-shortcode qodef-m qodef-qi-section-title qodef-title-break--disabled qodef-decoration--italic qodef-link--underline-draw qodef-subtitle-icon--left\">\n\t\t\t\t<h4 class=\"qodef-m-subtitle\">\n\t\tIn POWER you will:\t\t\t<\/h4>\n\t\t\t\t\t<div class=\"qodef-m-text\"><p><span style=\"text-decoration: underline\"><span style=\"font-weight: 400\">Za\u010deli razumevati procese v svojem telesu in se povezali z njim.<\/span><\/span><\/p><p><span style=\"text-decoration: underline\"><span style=\"font-weight: 400\">Pri\u010deli spu\u0161\u010dati vse vzorce in navade, ki vodijo v izgorelost.<\/span><\/span><\/p><p><span style=\"text-decoration: underline\"><span style=\"font-weight: 400\">Ustvarili jasne cilje in zgradili strategijo za njihovo dosego.<\/span><\/span><\/p><p><span style=\"text-decoration: underline\"><span style=\"font-weight: 400\">Dobili popolno podporu pri doseganju in utrjevanju svojih ciljev.<\/span><\/span><\/p><p><span style=\"font-weight: 400\">Read more about the program <\/span><span style=\"font-weight: 400\"><span style=\"text-decoration: underline\"><a href=\"https:\/\/studio-528.com\/sl\/service\/power\/\">tukaj<\/a><\/span>.<\/span><\/p><\/div>\n\t<\/div>\n\t\t<\/div>\n\t\t\t\t<\/div>\n\t\t\t\t<div class=\"elementor-element elementor-element-e872258 elementor-hidden-desktop elementor-widget elementor-widget-image\" data-id=\"e872258\" data-element_type=\"widget\" data-widget_type=\"image.default\">\n\t\t\t\t<div class=\"elementor-widget-container\">\n\t\t\t<style>\/*! elementor - v3.13.1 - 09-05-2023 *\/\n.elementor-widget-image{text-align:center}.elementor-widget-image a{display:inline-block}.elementor-widget-image a img[src$=\".svg\"]{width:48px}.elementor-widget-image img{vertical-align:middle;display:inline-block}<\/style>\t\t\t\t\t\t\t\t\t\t\t\t<img loading=\"lazy\" decoding=\"async\" width=\"630\" height=\"945\" src=\"https:\/\/studio-528.com\/wp-content\/uploads\/2023\/04\/lns4457-min.jpeg\" class=\"attachment-large size-large wp-image-11716\" alt=\"\" srcset=\"https:\/\/studio-528.com\/wp-content\/uploads\/2023\/04\/lns4457-min.jpeg 630w, https:\/\/studio-528.com\/wp-content\/uploads\/2023\/04\/lns4457-min-200x300.jpeg 200w, https:\/\/studio-528.com\/wp-content\/uploads\/2023\/04\/lns4457-min-8x12.jpeg 8w\" sizes=\"auto, (max-width: 630px) 100vw, 630px\" \/>\t\t\t\t\t\t\t\t\t\t\t\t\t\t\t<\/div>\n\t\t\t\t<\/div>\n\t\t\t\t\t<\/div>\n\t\t<\/div>\n\t\t\t\t\t\t\t<\/div>\n\t\t<\/section>\n\t\t\t\t\t<\/div>\n\t\t<\/div>\n\t\t\t\t<div class=\"elementor-column elementor-col-50 elementor-top-column elementor-element elementor-element-25ad72d elementor-hidden-mobile elementor-hidden-tablet\" data-id=\"25ad72d\" data-element_type=\"column\" data-settings=\"{&quot;background_background&quot;:&quot;classic&quot;}\">\n\t\t\t<div class=\"elementor-widget-wrap elementor-element-populated\">\n\t\t\t\t\t\t\t\t<div class=\"elementor-element elementor-element-da8ff1f elementor-widget-divider--view-line elementor-widget elementor-widget-divider\" data-id=\"da8ff1f\" data-element_type=\"widget\" data-widget_type=\"divider.default\">\n\t\t\t\t<div class=\"elementor-widget-container\">\n\t\t\t<style>\/*! elementor - v3.13.1 - 09-05-2023 *\/\n.elementor-widget-divider{--divider-border-style:none;--divider-border-width:1px;--divider-color:#0c0d0e;--divider-icon-size:20px;--divider-element-spacing:10px;--divider-pattern-height:24px;--divider-pattern-size:20px;--divider-pattern-url:none;--divider-pattern-repeat:repeat-x}.elementor-widget-divider .elementor-divider{display:flex}.elementor-widget-divider .elementor-divider__text{font-size:15px;line-height:1;max-width:95%}.elementor-widget-divider .elementor-divider__element{margin:0 var(--divider-element-spacing);flex-shrink:0}.elementor-widget-divider .elementor-icon{font-size:var(--divider-icon-size)}.elementor-widget-divider .elementor-divider-separator{display:flex;margin:0;direction:ltr}.elementor-widget-divider--view-line_icon .elementor-divider-separator,.elementor-widget-divider--view-line_text .elementor-divider-separator{align-items:center}.elementor-widget-divider--view-line_icon .elementor-divider-separator:after,.elementor-widget-divider--view-line_icon .elementor-divider-separator:before,.elementor-widget-divider--view-line_text .elementor-divider-separator:after,.elementor-widget-divider--view-line_text .elementor-divider-separator:before{display:block;content:\"\";border-bottom:0;flex-grow:1;border-top:var(--divider-border-width) var(--divider-border-style) var(--divider-color)}.elementor-widget-divider--element-align-left .elementor-divider .elementor-divider-separator>.elementor-divider__svg:first-of-type{flex-grow:0;flex-shrink:100}.elementor-widget-divider--element-align-left .elementor-divider-separator:before{content:none}.elementor-widget-divider--element-align-left .elementor-divider__element{margin-left:0}.elementor-widget-divider--element-align-right .elementor-divider .elementor-divider-separator>.elementor-divider__svg:last-of-type{flex-grow:0;flex-shrink:100}.elementor-widget-divider--element-align-right .elementor-divider-separator:after{content:none}.elementor-widget-divider--element-align-right .elementor-divider__element{margin-right:0}.elementor-widget-divider:not(.elementor-widget-divider--view-line_text):not(.elementor-widget-divider--view-line_icon) .elementor-divider-separator{border-top:var(--divider-border-width) var(--divider-border-style) var(--divider-color)}.elementor-widget-divider--separator-type-pattern{--divider-border-style:none}.elementor-widget-divider--separator-type-pattern.elementor-widget-divider--view-line .elementor-divider-separator,.elementor-widget-divider--separator-type-pattern:not(.elementor-widget-divider--view-line) .elementor-divider-separator:after,.elementor-widget-divider--separator-type-pattern:not(.elementor-widget-divider--view-line) .elementor-divider-separator:before,.elementor-widget-divider--separator-type-pattern:not([class*=elementor-widget-divider--view]) .elementor-divider-separator{width:100%;min-height:var(--divider-pattern-height);-webkit-mask-size:var(--divider-pattern-size) 100%;mask-size:var(--divider-pattern-size) 100%;-webkit-mask-repeat:var(--divider-pattern-repeat);mask-repeat:var(--divider-pattern-repeat);background-color:var(--divider-color);-webkit-mask-image:var(--divider-pattern-url);mask-image:var(--divider-pattern-url)}.elementor-widget-divider--no-spacing{--divider-pattern-size:auto}.elementor-widget-divider--bg-round{--divider-pattern-repeat:round}.rtl .elementor-widget-divider .elementor-divider__text{direction:rtl}.e-con-inner>.elementor-widget-divider,.e-con>.elementor-widget-divider{width:var(--container-widget-width,100%);--flex-grow:var(--container-widget-flex-grow)}<\/style>\t\t<div class=\"elementor-divider\">\n\t\t\t<span class=\"elementor-divider-separator\">\n\t\t\t\t\t\t<\/span>\n\t\t<\/div>\n\t\t\t\t<\/div>\n\t\t\t\t<\/div>\n\t\t\t\t\t<\/div>\n\t\t<\/div>\n\t\t\t\t\t\t\t<\/div>\n\t\t<\/section>\n\t\t\t\t<section class=\"elementor-section elementor-top-section elementor-element elementor-element-1fb3972 elementor-section-boxed elementor-section-height-default elementor-section-height-default qodef-elementor-content-no\" data-id=\"1fb3972\" data-element_type=\"section\">\n\t\t\t\t\t\t<div class=\"elementor-container elementor-column-gap-default\">\n\t\t\t\t\t<div class=\"elementor-column elementor-col-100 elementor-top-column elementor-element elementor-element-fea6fb1\" data-id=\"fea6fb1\" data-element_type=\"column\">\n\t\t\t<div class=\"elementor-widget-wrap elementor-element-populated\">\n\t\t\t\t\t\t\t\t<div class=\"elementor-element elementor-element-4b52f30 elementor-widget elementor-widget-html\" data-id=\"4b52f30\" data-element_type=\"widget\" data-widget_type=\"html.default\">\n\t\t\t\t<div class=\"elementor-widget-container\">\n\t\t\t<style style=\"display: none;\">\n.bullet-points ul{\n    padding-left: 20px;\n    list-style-position: outside;\n}    \n<\/style>\n\n<script>\nfbq('track', 'Lead', {});\n<\/script>\n\n\t\t<\/div>\n\t\t\t\t<\/div>\n\t\t\t\t\t<\/div>\n\t\t<\/div>\n\t\t\t\t\t\t\t<\/div>\n\t\t<\/section>\n\t\t\t\t\t\t\t<\/div>","protected":false},"excerpt":{"rendered":"<p>Thank you. You Should soon be able to find the e-book in your mailbox. I\u2019m sure it will give you a lot of useful information about burnout. From now on, you are no longer alone on your healing journey. If you wish to be further supported after reading the book, here\u2019s what you can do: [&hellip;]<\/p>","protected":false},"author":3,"featured_media":0,"parent":0,"menu_order":9,"comment_status":"closed","ping_status":"closed","template":"page-full-width.php","meta":{"_acf_changed":false,"om_disable_all_campaigns":false,"_mi_skip_tracking":false,"footnotes":""},"class_list":["post-12094","page","type-page","status-publish","hentry"],"acf":[],"aioseo_notices":[],"_links":{"self":[{"href":"https:\/\/studio-528.com\/sl\/wp-json\/wp\/v2\/pages\/12094","targetHints":{"allow":["GET"]}}],"collection":[{"href":"https:\/\/studio-528.com\/sl\/wp-json\/wp\/v2\/pages"}],"about":[{"href":"https:\/\/studio-528.com\/sl\/wp-json\/wp\/v2\/types\/page"}],"author":[{"embeddable":true,"href":"https:\/\/studio-528.com\/sl\/wp-json\/wp\/v2\/users\/3"}],"replies":[{"embeddable":true,"href":"https:\/\/studio-528.com\/sl\/wp-json\/wp\/v2\/comments?post=12094"}],"version-history":[{"count":50,"href":"https:\/\/studio-528.com\/sl\/wp-json\/wp\/v2\/pages\/12094\/revisions"}],"predecessor-version":[{"id":12877,"href":"https:\/\/studio-528.com\/sl\/wp-json\/wp\/v2\/pages\/12094\/revisions\/12877"}],"wp:attachment":[{"href":"https:\/\/studio-528.com\/sl\/wp-json\/wp\/v2\/media?parent=12094"}],"curies":[{"name":"wp","href":"https:\/\/api.w.org\/{rel}","templated":true}]}}